{"id":3326,"date":"2023-12-08T10:59:32","date_gmt":"2023-12-08T09:59:32","guid":{"rendered":"https:\/\/www.castelach.fr\/?post_type=product&#038;p=3326"},"modified":"2023-12-12T16:23:22","modified_gmt":"2023-12-12T15:23:22","slug":"evasion-gourmande","status":"publish","type":"product","link":"https:\/\/www.castelach.fr\/en\/produit\/evasion-gourmande\/","title":{"rendered":"\u00c9vasion gourmande"},"content":{"rendered":"","protected":false},"excerpt":{"rendered":"<h3 data-fontsize=\"14\" data-lineheight=\"21\"><strong><em>\u00ab \u00a0Ch\u00e9ri tu m\u2019emm\u00e8nes au bout du monde \u00a0? \u00a0\u00bb<\/em>\u00a0<\/strong><br \/>\nD\u00e9tente et gourmandise, le s\u00e9jour \u00e9picurien du Castel Ac&#8217;h !<\/h3>\n<p>&nbsp;<\/p>\n<p><strong>Le s\u00e9jour pour deux personnes comprend<\/strong><\/p>\n<p>&#8211; l&#8217;h\u00e9bergement en chambre double<\/p>\n<p>&#8211; le d\u00eener Menu Promenade dans les abers \u2013 hors boissons<\/p>\n<p>&#8211; le petit d\u00e9jeuner buffet<\/p>\n<p><em>S\u00e9jour valable tous les jours de l&#8217;ann\u00e9e, sous r\u00e9serve de disponibilit\u00e9<br \/>\n<\/em><\/p>\n<p>&nbsp;<\/p>\n<p><strong>Le s\u00e9jour pour 2 personnes en chambre c\u00f4t\u00e9 mer :\u00a0 295,00 \u20ac<\/strong><\/p>\n<p><strong>\u00a0<\/strong><\/p>\n[fusion_separator style_type=\"none\" hide_on_mobile=\"small-visibility,medium-visibility,large-visibility\" class=\"\" id=\"\" sep_color=\"\" top_margin=\"\" bottom_margin=\"40px\" border_size=\"0\" icon=\"\" icon_circle=\"\" icon_circle_color=\"\" width=\"\" alignment=\"center\"][\/fusion_separator]\n[fusion_button link=\"https:\/\/secure.reservit.com\/fo\/booking\/2\/9192\/dates?specialMode=default&amp;langcode=FR&amp;custid=2&amp;hotelid=9192&amp;m=booking\" target=\"_blank\" link_attributes=\"\" alignment=\"\" modal=\"\" hide_on_mobile=\"small-visibility,medium-visibility,large-visibility\" class=\"\" id=\"\" color=\"default\" button_gradient_top_color=\"\" button_gradient_bottom_color=\"\" button_gradient_top_color_hover=\"\" button_gradient_bottom_color_hover=\"\" accent_color=\"\" accent_hover_color=\"\" type=\"\" bevel_color=\"\" border_width=\"\" size=\"\" stretch=\"default\" shape=\"\" icon=\"\" icon_position=\"left\" icon_divider=\"no\" animation_type=\"\" animation_direction=\"left\" animation_speed=\"0.3\" animation_offset=\"\"]R\u00c9SERVER VUE MER[\/fusion_button]\n<p>&nbsp;<\/p>\n<p>&nbsp;<\/p>\n","protected":false},"featured_media":2797,"template":"","meta":[],"product_cat":[25,24],"product_tag":[],"_links":{"self":[{"href":"https:\/\/www.castelach.fr\/en\/wp-json\/wp\/v2\/product\/3326"}],"collection":[{"href":"https:\/\/www.castelach.fr\/en\/wp-json\/wp\/v2\/product"}],"about":[{"href":"https:\/\/www.castelach.fr\/en\/wp-json\/wp\/v2\/types\/product"}],"wp:featuredmedia":[{"embeddable":true,"href":"https:\/\/www.castelach.fr\/en\/wp-json\/wp\/v2\/media\/2797"}],"wp:attachment":[{"href":"https:\/\/www.castelach.fr\/en\/wp-json\/wp\/v2\/media?parent=3326"}],"wp:term":[{"taxonomy":"product_cat","embeddable":true,"href":"https:\/\/www.castelach.fr\/en\/wp-json\/wp\/v2\/product_cat?post=3326"},{"taxonomy":"product_tag","embeddable":true,"href":"https:\/\/www.castelach.fr\/en\/wp-json\/wp\/v2\/product_tag?post=3326"}],"curies":[{"name":"wp","href":"https:\/\/api.w.org\/{rel}","templated":true}]}}