{"id":3370,"date":"2017-06-27T09:16:12","date_gmt":"2017-06-27T07:16:12","guid":{"rendered":"https:\/\/www.castelach.fr\/restaurant\/"},"modified":"2024-01-03T23:34:45","modified_gmt":"2024-01-03T22:34:45","slug":"restaurant","status":"publish","type":"page","link":"https:\/\/www.castelach.fr\/en\/restaurant\/","title":{"rendered":"Restaurant"},"content":{"rendered":"<p><div class=\"fusion-fullwidth fullwidth-box fusion-builder-row-1 nonhundred-percent-fullwidth non-hundred-percent-height-scrolling\" style=\"--awb-background-position:center top;--awb-border-radius-top-left:0px;--awb-border-radius-top-right:0px;--awb-border-radius-bottom-right:0px;--awb-border-radius-bottom-left:0px;--awb-padding-top:0px;--awb-padding-right:10px;--awb-padding-bottom:0px;--awb-padding-left:10px;--awb-margin-top:0px;--awb-margin-bottom:0px;--awb-flex-wrap:wrap;\" ><div class=\"fusion-builder-row fusion-row\"><div class=\"fusion-layout-column fusion_builder_column fusion-builder-column-0 fusion_builder_column_1_1 1_1 fusion-one-full fusion-column-first fusion-column-last\" style=\"--awb-bg-color:rgba(0,0,0,0);--awb-bg-color-hover:rgba(0,0,0,0);--awb-bg-size:cover;--awb-margin-bottom:40px;\" data-scroll-devices=\"small-visibility,medium-visibility,large-visibility\"><div class=\"fusion-column-wrapper fusion-column-has-shadow fusion-flex-column-wrapper-legacy\"><div class=\"fusion-text fusion-text-1\"><h1 style=\"text-align: center; font-size: 90px; line-height: 30%; letter-spacing: 70%; color: #a5968f;\">GASTRONOMY<\/h1>\n<\/div><div class=\"fusion-clearfix\"><\/div><\/div><\/div><div class=\"fusion-layout-column fusion_builder_column fusion-builder-column-1 fusion_builder_column_1_2 1_2 fusion-one-half fusion-column-first\" style=\"--awb-padding-right:40px;--awb-padding-left:40px;--awb-bg-color:#ffffff;--awb-bg-color-hover:#ffffff;--awb-bg-size:cover;width:50%;width:calc(50% - ( ( 4% ) * 0.5 ) );margin-right: 4%;\"><div class=\"fusion-column-wrapper fusion-flex-column-wrapper-legacy\"><div class=\"fusion-text fusion-text-2\"><h3><em>\u00ab Love of good products and cooking,<br \/>\ndesire to share it with you\u2026 \u00bb<\/em><\/h3>\n<p><strong>Coached by the chef David Royer,<\/strong> the kitchen team offers you inventive, fine and elegant cuisine, in harmony with seasonal local products. Oysters from our neighboors, vegetables from Kergroadez, local cheeses&#8230; The exceptional products of fishermen and farmers are cooked here with simplicity.<br \/>\nFreshness of seaweeds and flowers, combinations of tastes &amp; colors&#8230; each plate, delicately composed, is a joyful and natural ode to the pleasures of a good meal.<\/p>\n<p>The wine cellar menu invites you to discover original pairings with its <strong>wine by the glass formula<\/strong><\/p>\n<p>The large bright room and the seaview terrace can accommodate up to <strong>150 guests<\/strong>.<\/p>\n<p>Privatized, there is a prestigious place for your family receptions and professional events.<\/p>\n<\/div><div class=\"fusion-text fusion-text-3\"><h5 style=\"margin-bottom: 0px;\"><a href=\"https:\/\/www.castelach.fr\/en\/restaurant\/the-menus\/\">&gt; Menus<\/a><\/h5>\n<h5 style=\"margin-bottom: 0px;\"><a href=\"https:\/\/www.castelach.fr\/le-restaurant\/carte\/\">&gt; &#8220;\u00c0 la carte&#8221;<\/a><\/h5>\n<\/div><div class=\"fusion-sep-clear\"><\/div><div class=\"fusion-separator fusion-full-width-sep\" style=\"margin-left: auto;margin-right: auto;margin-top:0px;margin-bottom:20px;width:100%;\"><\/div><div class=\"fusion-sep-clear\"><\/div><div class=\"fusion-aligncenter\"><a class=\"fusion-button button-flat fusion-button-default-size button-custom fusion-button-default button-1 fusion-button-default-span fusion-button-default-type\" style=\"--button_accent_color:#a5968f;--button_border_color:#a5968f;--button_accent_hover_color:#9c2724;--button_border_hover_color:#9c2724;--button_border_width-top:1px;--button_border_width-right:1px;--button_border_width-bottom:1px;--button_border_width-left:1px;--button_gradient_top_color:#ffffff;--button_gradient_bottom_color:#ffffff;--button_gradient_top_color_hover:#ffffff;--button_gradient_bottom_color_hover:#ffffff;\" target=\"_blank\" rel=\"noopener noreferrer\" href=\"#\" data-toggle=\"modal\" data-target=\".fusion-modal.resa-restau\"><span class=\"fusion-button-text\">Book your table<\/span><\/a><\/div><div class=\"fusion-modal modal fade modal-1 resa-restau\" tabindex=\"-1\" role=\"dialog\" aria-labelledby=\"modal-heading-1\" aria-hidden=\"true\" style=\"--awb-border-color:#ebebeb;--awb-background:#f6f6f6;\"><div class=\"modal-dialog modal-lg\" role=\"document\"><div class=\"modal-content fusion-modal-content\"><div class=\"modal-header\"><button class=\"close\" type=\"button\" data-dismiss=\"modal\" aria-hidden=\"true\" aria-label=\"Close\">&times;<\/button><h3 class=\"modal-title\" id=\"modal-heading-1\" data-dismiss=\"modal\" aria-hidden=\"true\">Book your table<\/h3><\/div><div class=\"modal-body fusion-clearfix\"><iframe src=\"https:\/\/bookings.zenchef.com\/results?rid=356957&fullscreen=1\" frameborder=\"0\" scrolling=\"yes\" width=\"100%\" height=\"630\" style=\"display: block; margin: 0 auto; max-width: 600px; height:630px;\"><\/iframe><\/div><div class=\"modal-footer\"><button class=\"fusion-button button-default button-medium button default medium\" type=\"button\" data-dismiss=\"modal\">Close<\/button><\/div><\/div><\/div><\/div><div class=\"fusion-clearfix\"><\/div><\/div><\/div><div class=\"fusion-layout-column fusion_builder_column fusion-builder-column-2 fusion_builder_column_1_2 1_2 fusion-one-half fusion-column-last\" style=\"--awb-bg-color:rgba(255,221,221,0);--awb-bg-color-hover:rgba(255,221,221,0);--awb-bg-size:cover;--awb-margin-bottom:0px;width:50%;width:calc(50% - ( ( 4% ) * 0.5 ) );\"><div class=\"fusion-column-wrapper fusion-flex-column-wrapper-legacy\"><div class=\"fusion-slider-sc fusion-flexslider-loading flexslider flexslider-hover-type-none\" data-slideshow_autoplay=\"1\" data-slideshow_smooth_height=\"0\" data-slideshow_speed=\"7000\" style=\"max-width:100%;height:100%;\"><ul class=\"slides\"><li class=\"image\"><span class=\"fusion-image-hover-element hover-type-none\"><img decoding=\"async\" src=\"https:\/\/www.castelach.fr\/wp-content\/uploads\/2023\/08\/le_castelach_plat_02.jpg\" width=\"1000\" height=\"1333\" class=\"wp-image-2801\" srcset=\"https:\/\/www.castelach.fr\/wp-content\/uploads\/2023\/08\/le_castelach_plat_02-200x267.jpg 200w, https:\/\/www.castelach.fr\/wp-content\/uploads\/2023\/08\/le_castelach_plat_02-400x533.jpg 400w, https:\/\/www.castelach.fr\/wp-content\/uploads\/2023\/08\/le_castelach_plat_02-600x800.jpg 600w, https:\/\/www.castelach.fr\/wp-content\/uploads\/2023\/08\/le_castelach_plat_02-800x1066.jpg 800w, https:\/\/www.castelach.fr\/wp-content\/uploads\/2023\/08\/le_castelach_plat_02.jpg 1000w\" sizes=\"(max-width: 800px) 100vw, 600px\" \/><\/span><\/li><li class=\"image\"><span class=\"fusion-image-hover-element hover-type-none\"><img decoding=\"async\" src=\"https:\/\/www.castelach.fr\/wp-content\/uploads\/2023\/08\/le_castelach_plat_03.jpg\" width=\"1000\" height=\"1333\" class=\"wp-image-2802\" srcset=\"https:\/\/www.castelach.fr\/wp-content\/uploads\/2023\/08\/le_castelach_plat_03-200x267.jpg 200w, https:\/\/www.castelach.fr\/wp-content\/uploads\/2023\/08\/le_castelach_plat_03-400x533.jpg 400w, https:\/\/www.castelach.fr\/wp-content\/uploads\/2023\/08\/le_castelach_plat_03-600x800.jpg 600w, https:\/\/www.castelach.fr\/wp-content\/uploads\/2023\/08\/le_castelach_plat_03-800x1066.jpg 800w, https:\/\/www.castelach.fr\/wp-content\/uploads\/2023\/08\/le_castelach_plat_03.jpg 1000w\" sizes=\"(max-width: 800px) 100vw, 600px\" \/><\/span><\/li><li class=\"image\"><span class=\"fusion-image-hover-element hover-type-none\"><img decoding=\"async\" src=\"https:\/\/www.castelach.fr\/wp-content\/uploads\/2023\/08\/le_castelach_plat_06.jpg\" width=\"1000\" height=\"1333\" class=\"wp-image-2805\" srcset=\"https:\/\/www.castelach.fr\/wp-content\/uploads\/2023\/08\/le_castelach_plat_06-200x267.jpg 200w, https:\/\/www.castelach.fr\/wp-content\/uploads\/2023\/08\/le_castelach_plat_06-400x533.jpg 400w, https:\/\/www.castelach.fr\/wp-content\/uploads\/2023\/08\/le_castelach_plat_06-600x800.jpg 600w, https:\/\/www.castelach.fr\/wp-content\/uploads\/2023\/08\/le_castelach_plat_06-800x1066.jpg 800w, https:\/\/www.castelach.fr\/wp-content\/uploads\/2023\/08\/le_castelach_plat_06.jpg 1000w\" sizes=\"(max-width: 800px) 100vw, 600px\" \/><\/span><\/li><li class=\"image\"><span class=\"fusion-image-hover-element hover-type-none\"><img decoding=\"async\" src=\"https:\/\/www.castelach.fr\/wp-content\/uploads\/2023\/08\/le_castelach_plat_05.jpg\" width=\"1000\" height=\"1333\" class=\"wp-image-2804\" srcset=\"https:\/\/www.castelach.fr\/wp-content\/uploads\/2023\/08\/le_castelach_plat_05-200x267.jpg 200w, https:\/\/www.castelach.fr\/wp-content\/uploads\/2023\/08\/le_castelach_plat_05-400x533.jpg 400w, https:\/\/www.castelach.fr\/wp-content\/uploads\/2023\/08\/le_castelach_plat_05-600x800.jpg 600w, https:\/\/www.castelach.fr\/wp-content\/uploads\/2023\/08\/le_castelach_plat_05-800x1066.jpg 800w, https:\/\/www.castelach.fr\/wp-content\/uploads\/2023\/08\/le_castelach_plat_05.jpg 1000w\" sizes=\"(max-width: 800px) 100vw, 600px\" \/><\/span><\/li><li class=\"image\"><span class=\"fusion-image-hover-element hover-type-none\"><img decoding=\"async\" src=\"https:\/\/www.castelach.fr\/wp-content\/uploads\/2023\/08\/le_castelach_plat_07.jpg\" width=\"1000\" height=\"1333\" class=\"wp-image-2806\" srcset=\"https:\/\/www.castelach.fr\/wp-content\/uploads\/2023\/08\/le_castelach_plat_07-200x267.jpg 200w, https:\/\/www.castelach.fr\/wp-content\/uploads\/2023\/08\/le_castelach_plat_07-400x533.jpg 400w, https:\/\/www.castelach.fr\/wp-content\/uploads\/2023\/08\/le_castelach_plat_07-600x800.jpg 600w, https:\/\/www.castelach.fr\/wp-content\/uploads\/2023\/08\/le_castelach_plat_07-800x1066.jpg 800w, https:\/\/www.castelach.fr\/wp-content\/uploads\/2023\/08\/le_castelach_plat_07.jpg 1000w\" sizes=\"(max-width: 800px) 100vw, 600px\" \/><\/span><\/li><li class=\"image\"><span class=\"fusion-image-hover-element hover-type-none\"><img decoding=\"async\" src=\"https:\/\/www.castelach.fr\/wp-content\/uploads\/2023\/08\/le_castelach_plat_08.jpg\" width=\"1000\" height=\"1333\" class=\"wp-image-2807\" srcset=\"https:\/\/www.castelach.fr\/wp-content\/uploads\/2023\/08\/le_castelach_plat_08-200x267.jpg 200w, https:\/\/www.castelach.fr\/wp-content\/uploads\/2023\/08\/le_castelach_plat_08-400x533.jpg 400w, https:\/\/www.castelach.fr\/wp-content\/uploads\/2023\/08\/le_castelach_plat_08-600x800.jpg 600w, https:\/\/www.castelach.fr\/wp-content\/uploads\/2023\/08\/le_castelach_plat_08-800x1066.jpg 800w, https:\/\/www.castelach.fr\/wp-content\/uploads\/2023\/08\/le_castelach_plat_08.jpg 1000w\" sizes=\"(max-width: 800px) 100vw, 600px\" \/><\/span><\/li><\/ul><\/div><div class=\"fusion-clearfix\"><\/div><\/div><\/div><\/div><\/div><div class=\"fusion-fullwidth fullwidth-box fusion-builder-row-2 fusion-flex-container nonhundred-percent-fullwidth non-hundred-percent-height-scrolling\" style=\"--awb-border-radius-top-left:0px;--awb-border-radius-top-right:0px;--awb-border-radius-bottom-right:0px;--awb-border-radius-bottom-left:0px;--awb-flex-wrap:wrap;\" ><div class=\"fusion-builder-row fusion-row fusion-flex-align-items-flex-start fusion-flex-content-wrap\" style=\"max-width:1144px;margin-left: calc(-4% \/ 2 );margin-right: calc(-4% \/ 2 );\"><div class=\"fusion-layout-column fusion_builder_column fusion-builder-column-3 fusion_builder_column_1_1 1_1 fusion-flex-column fusion-flex-align-self-stretch\" style=\"--awb-padding-top:10px;--awb-padding-right:50px;--awb-padding-bottom:10px;--awb-padding-left:50px;--awb-bg-color:#f4efeb;--awb-bg-color-hover:#f4efeb;--awb-bg-size:cover;--awb-width-large:100%;--awb-margin-top-large:0px;--awb-spacing-right-large:1.92%;--awb-margin-bottom-large:60px;--awb-spacing-left-large:1.92%;--awb-width-medium:100%;--awb-order-medium:0;--awb-spacing-right-medium:1.92%;--awb-spacing-left-medium:1.92%;--awb-width-small:100%;--awb-order-small:0;--awb-spacing-right-small:1.92%;--awb-spacing-left-small:1.92%;\"><div class=\"fusion-column-wrapper fusion-column-has-shadow fusion-flex-justify-content-space-evenly fusion-content-layout-column\"><div class=\"fusion-builder-row fusion-builder-row-inner fusion-row fusion-flex-align-items-flex-start fusion-flex-content-wrap\" style=\"width:104% !important;max-width:104% !important;margin-left: calc(-4% \/ 2 );margin-right: calc(-4% \/ 2 );\"><div class=\"fusion-layout-column fusion_builder_column_inner fusion-builder-nested-column-0 fusion_builder_column_inner_1_2 1_2 fusion-flex-column fusion-flex-align-self-flex-start\" style=\"--awb-bg-size:cover;--awb-width-large:50%;--awb-margin-top-large:0px;--awb-spacing-right-large:3.84%;--awb-margin-bottom-large:0px;--awb-spacing-left-large:3.84%;--awb-width-medium:100%;--awb-order-medium:0;--awb-spacing-right-medium:1.92%;--awb-spacing-left-medium:1.92%;--awb-width-small:100%;--awb-order-small:0;--awb-spacing-right-small:1.92%;--awb-spacing-left-small:1.92%;\"><div class=\"fusion-column-wrapper fusion-column-has-shadow fusion-flex-justify-content-flex-start fusion-content-layout-column\"><div class=\"fusion-text fusion-text-4 bloc_logo_h_fixe\"><p><a href=\"https:\/\/fr.gaultmillau.com\/restaurants\/le-castel-ac-h\" target=\"_blank\" rel=\"noopener noreferrer\"><img decoding=\"async\" class=\"aligncenter wp-image-2472\" src=\"https:\/\/www.castelach.fr\/wp-content\/uploads\/2023\/01\/deux_toques_le_castelach_noir.png\" alt=\"\" width=\"222\" height=\"118\" srcset=\"https:\/\/www.castelach.fr\/wp-content\/uploads\/2023\/01\/deux_toques_le_castelach_noir-200x106.png 200w, https:\/\/www.castelach.fr\/wp-content\/uploads\/2023\/01\/deux_toques_le_castelach_noir.png 300w\" sizes=\"(max-width: 222px) 100vw, 222px\" \/><\/a><\/p>\n<p style=\"text-align: center;\"><span style=\"color: #9c2724;\">13,5\/20 &#8211; Gault&amp;Millau 2023<\/span><br \/>\n<span style=\"color: #9c2724;\">Troph\u00e9e naturalit\u00e9 2018 | Troph\u00e9e technique d&#8217;excellence 2020<\/span><\/p>\n<\/div><div class=\"fusion-text fusion-text-5\"><h3>Guide review<\/h3>\n<p>&#8220;Naturalit\u00e9&#8221; Trophy Gault&amp;Millau in 2018, David Royer follows a work open on the nature, wich link the hotel, the menu and its environment. In this universe where the panorama offers a unique view of the sea, iodine is inevitably there, in a well-crafted market menus, developed according to the seasons, like the menu and its 4 courses . In particular, we can rediscover langoustines with seaweed and buckwheat, vegetable mayonnaise, the vegetable garden plate, with truffled vegetables, herbs and flowers, crispy buckwheat and sea foam with seaweed, lobster, herbs and citrus fruits in tortellini, nage vegetable, or the gourmet hazelnut brownie, vanilla duo, spelled namelaka and barley, chocolate ice cream and fleur de sel. A young and professional team<\/p>\n<\/div><\/div><\/div><div class=\"fusion-layout-column fusion_builder_column_inner fusion-builder-nested-column-1 fusion_builder_column_inner_1_2 1_2 fusion-flex-column fusion-flex-align-self-flex-start\" style=\"--awb-bg-size:cover;--awb-width-large:50%;--awb-margin-top-large:0px;--awb-spacing-right-large:3.84%;--awb-margin-bottom-large:0px;--awb-spacing-left-large:3.84%;--awb-width-medium:100%;--awb-order-medium:0;--awb-spacing-right-medium:1.92%;--awb-spacing-left-medium:1.92%;--awb-width-small:100%;--awb-order-small:0;--awb-spacing-right-small:1.92%;--awb-spacing-left-small:1.92%;\"><div class=\"fusion-column-wrapper fusion-column-has-shadow fusion-flex-justify-content-flex-start fusion-content-layout-column\"><div class=\"fusion-text fusion-text-6 bloc_logo_h_fixe\"><p><a href=\"https:\/\/guide.michelin.com\/fr\/fr\/bretagne\/plouguerneau\/restaurant\/castel-ac-h\" target=\"_blank\" rel=\"noopener noreferrer\"><img decoding=\"async\" class=\"aligncenter wp-image-2480\" src=\"https:\/\/www.castelach.fr\/wp-content\/uploads\/2023\/01\/logo_michelin_guide_decentre.png\" alt=\"\" width=\"222\" height=\"71\" srcset=\"https:\/\/www.castelach.fr\/wp-content\/uploads\/2023\/01\/logo_michelin_guide_decentre-200x64.png 200w, https:\/\/www.castelach.fr\/wp-content\/uploads\/2023\/01\/logo_michelin_guide_decentre.png 300w\" sizes=\"(max-width: 222px) 100vw, 222px\" \/><\/a><\/p>\n<div class=\"fusion-separator fusion-full-width-sep\" style=\"align-self: center;margin-left: auto;margin-right: auto;margin-top:30px;width:100%;\"><\/div>\n<p style=\"text-align: center;\"><span style=\"color: #9c2724;\">Guide Michelin in January 2023<\/span><\/p>\n<\/div><div class=\"fusion-text fusion-text-7\"><h3>Guide&#8217;s review<\/h3>\n<p>Magic britanny places exists, and the Castel Ac&#8217;h area is one of it ! A stone&#8217;s throw away from the lighthouses, this large house in neo-Breton style benefits of a remarkable location, face to the beach of Lilia. For your meal, regionally inspired cuisine with good \u201cland and sea\u201d products; at lunchtime, daily menu for a reasonable price. At dinner, the two menus and the &#8220;\u00e0 la carte&#8221; play on the local bistronomy register (oysters, abalone, catch of the day, vegetables from Kergroadez, seaweed, buckwheat&#8230;). Large and refined dining room with white walls and terrace&#8230;<\/p>\n<\/div><\/div><\/div><\/div><\/div><\/div><\/div><\/div><div class=\"fusion-fullwidth fullwidth-box fusion-builder-row-3 nonhundred-percent-fullwidth non-hundred-percent-height-scrolling\" style=\"--awb-border-radius-top-left:0px;--awb-border-radius-top-right:0px;--awb-border-radius-bottom-right:0px;--awb-border-radius-bottom-left:0px;--awb-padding-top:0px;--awb-padding-right:10px;--awb-padding-left:10px;--awb-margin-bottom:0px;--awb-background-color:rgba(255,255,255,0);--awb-flex-wrap:wrap;\" ><div class=\"fusion-builder-row fusion-row\"><div class=\"fusion-layout-column fusion_builder_column fusion-builder-column-4 fusion_builder_column_1_2 1_2 fusion-one-half fusion-column-first\" style=\"--awb-bg-color:rgba(255,221,221,0);--awb-bg-color-hover:rgba(255,221,221,0);--awb-bg-size:cover;--awb-margin-bottom:0px;width:50%;width:calc(50% - ( ( 4% ) * 0.5 ) );margin-right: 4%;\"><div class=\"fusion-column-wrapper fusion-flex-column-wrapper-legacy\"><div class=\"fusion-slider-sc fusion-flexslider-loading flexslider flexslider-hover-type-none\" data-slideshow_autoplay=\"1\" data-slideshow_smooth_height=\"0\" data-slideshow_speed=\"7000\" style=\"max-width:100%;height:100%;\"><ul class=\"slides\"><li class=\"image\"><span class=\"fusion-image-hover-element hover-type-none\"><img decoding=\"async\" src=\"https:\/\/www.castelach.fr\/wp-content\/uploads\/2023\/08\/le_castelach_cuisine_01.jpg\" width=\"1000\" height=\"1333\" class=\"wp-image-2811\" srcset=\"https:\/\/www.castelach.fr\/wp-content\/uploads\/2023\/08\/le_castelach_cuisine_01-200x267.jpg 200w, https:\/\/www.castelach.fr\/wp-content\/uploads\/2023\/08\/le_castelach_cuisine_01-400x533.jpg 400w, https:\/\/www.castelach.fr\/wp-content\/uploads\/2023\/08\/le_castelach_cuisine_01-600x800.jpg 600w, https:\/\/www.castelach.fr\/wp-content\/uploads\/2023\/08\/le_castelach_cuisine_01-800x1066.jpg 800w, https:\/\/www.castelach.fr\/wp-content\/uploads\/2023\/08\/le_castelach_cuisine_01.jpg 1000w\" sizes=\"(max-width: 800px) 100vw, 600px\" \/><\/span><\/li><li class=\"image\"><span class=\"fusion-image-hover-element hover-type-none\"><img decoding=\"async\" src=\"https:\/\/www.castelach.fr\/wp-content\/uploads\/2023\/08\/le_castelach_cuisine_02.jpg\" width=\"1000\" height=\"1333\" class=\"wp-image-2812\" srcset=\"https:\/\/www.castelach.fr\/wp-content\/uploads\/2023\/08\/le_castelach_cuisine_02-200x267.jpg 200w, https:\/\/www.castelach.fr\/wp-content\/uploads\/2023\/08\/le_castelach_cuisine_02-400x533.jpg 400w, https:\/\/www.castelach.fr\/wp-content\/uploads\/2023\/08\/le_castelach_cuisine_02-600x800.jpg 600w, https:\/\/www.castelach.fr\/wp-content\/uploads\/2023\/08\/le_castelach_cuisine_02-800x1066.jpg 800w, https:\/\/www.castelach.fr\/wp-content\/uploads\/2023\/08\/le_castelach_cuisine_02.jpg 1000w\" sizes=\"(max-width: 800px) 100vw, 600px\" \/><\/span><\/li><li class=\"image\"><span class=\"fusion-image-hover-element hover-type-none\"><img decoding=\"async\" src=\"https:\/\/www.castelach.fr\/wp-content\/uploads\/2023\/08\/le_castelach_cuisine_05.jpg\" width=\"1000\" height=\"1333\" class=\"wp-image-2815\" srcset=\"https:\/\/www.castelach.fr\/wp-content\/uploads\/2023\/08\/le_castelach_cuisine_05-200x267.jpg 200w, https:\/\/www.castelach.fr\/wp-content\/uploads\/2023\/08\/le_castelach_cuisine_05-400x533.jpg 400w, https:\/\/www.castelach.fr\/wp-content\/uploads\/2023\/08\/le_castelach_cuisine_05-600x800.jpg 600w, https:\/\/www.castelach.fr\/wp-content\/uploads\/2023\/08\/le_castelach_cuisine_05-800x1066.jpg 800w, https:\/\/www.castelach.fr\/wp-content\/uploads\/2023\/08\/le_castelach_cuisine_05.jpg 1000w\" sizes=\"(max-width: 800px) 100vw, 600px\" \/><\/span><\/li><li class=\"image\"><span class=\"fusion-image-hover-element hover-type-none\"><img decoding=\"async\" src=\"https:\/\/www.castelach.fr\/wp-content\/uploads\/2023\/08\/le_castelach_cuisine_04.jpg\" width=\"1000\" height=\"1333\" class=\"wp-image-2814\" srcset=\"https:\/\/www.castelach.fr\/wp-content\/uploads\/2023\/08\/le_castelach_cuisine_04-200x267.jpg 200w, https:\/\/www.castelach.fr\/wp-content\/uploads\/2023\/08\/le_castelach_cuisine_04-400x533.jpg 400w, https:\/\/www.castelach.fr\/wp-content\/uploads\/2023\/08\/le_castelach_cuisine_04-600x800.jpg 600w, https:\/\/www.castelach.fr\/wp-content\/uploads\/2023\/08\/le_castelach_cuisine_04-800x1066.jpg 800w, https:\/\/www.castelach.fr\/wp-content\/uploads\/2023\/08\/le_castelach_cuisine_04.jpg 1000w\" sizes=\"(max-width: 800px) 100vw, 600px\" \/><\/span><\/li><\/ul><\/div><div class=\"fusion-clearfix\"><\/div><\/div><\/div><div class=\"fusion-layout-column fusion_builder_column fusion-builder-column-5 fusion_builder_column_1_2 1_2 fusion-one-half fusion-column-last\" style=\"--awb-padding-top:0px;--awb-padding-right:0px;--awb-bg-color:#ffffff;--awb-bg-color-hover:#ffffff;--awb-bg-size:cover;width:50%;width:calc(50% - ( ( 4% ) * 0.5 ) );\"><div class=\"fusion-column-wrapper fusion-column-has-shadow fusion-flex-column-wrapper-legacy\"><iframe src=\"https:\/\/widget-reviews.zenchef.com\/356957\" width=\"100%\" height=\"700px\" style=\"width: 100%; display: block; margin: 0 auto; height:700px; max-width:800px; background-color:#ffffff;\" frameborder=\"0\" vspace=\"0\" hspace=\"0\" webkitallowfullscreen=\"\" mozallowfullscreen=\"\" allowfullscreen=\"\" scrolling=\"no\"><\/iframe><div class=\"fusion-clearfix\"><\/div><\/div><\/div><\/div><\/div><\/p>\n","protected":false},"excerpt":{"rendered":"","protected":false},"author":2,"featured_media":0,"parent":0,"menu_order":0,"comment_status":"closed","ping_status":"closed","template":"100-width.php","meta":{"footnotes":""},"_links":{"self":[{"href":"https:\/\/www.castelach.fr\/en\/wp-json\/wp\/v2\/pages\/3370"}],"collection":[{"href":"https:\/\/www.castelach.fr\/en\/wp-json\/wp\/v2\/pages"}],"about":[{"href":"https:\/\/www.castelach.fr\/en\/wp-json\/wp\/v2\/types\/page"}],"author":[{"embeddable":true,"href":"https:\/\/www.castelach.fr\/en\/wp-json\/wp\/v2\/users\/2"}],"replies":[{"embeddable":true,"href":"https:\/\/www.castelach.fr\/en\/wp-json\/wp\/v2\/comments?post=3370"}],"version-history":[{"count":5,"href":"https:\/\/www.castelach.fr\/en\/wp-json\/wp\/v2\/pages\/3370\/revisions"}],"predecessor-version":[{"id":3375,"href":"https:\/\/www.castelach.fr\/en\/wp-json\/wp\/v2\/pages\/3370\/revisions\/3375"}],"wp:attachment":[{"href":"https:\/\/www.castelach.fr\/en\/wp-json\/wp\/v2\/media?parent=3370"}],"curies":[{"name":"wp","href":"https:\/\/api.w.org\/{rel}","templated":true}]}}