{"id":3367,"date":"2018-01-29T17:18:49","date_gmt":"2018-01-29T16:18:49","guid":{"rendered":"https:\/\/www.castelach.fr\/the-menus\/"},"modified":"2024-01-03T23:07:12","modified_gmt":"2024-01-03T22:07:12","slug":"the-menus","status":"publish","type":"page","link":"https:\/\/www.castelach.fr\/en\/restaurant\/the-menus\/","title":{"rendered":"The menus"},"content":{"rendered":"<p><div class=\"fusion-fullwidth fullwidth-box fusion-builder-row-1 fusion-flex-container nonhundred-percent-fullwidth non-hundred-percent-height-scrolling\" style=\"--awb-border-radius-top-left:0px;--awb-border-radius-top-right:0px;--awb-border-radius-bottom-right:0px;--awb-border-radius-bottom-left:0px;--awb-flex-wrap:wrap;\" ><div class=\"fusion-builder-row fusion-row fusion-flex-align-items-flex-start fusion-flex-content-wrap\" style=\"max-width:1144px;margin-left: calc(-4% \/ 2 );margin-right: calc(-4% \/ 2 );\"><div class=\"fusion-layout-column fusion_builder_column fusion-builder-column-0 fusion_builder_column_1_1 1_1 fusion-flex-column\" style=\"--awb-bg-size:cover;--awb-width-large:100%;--awb-margin-top-large:0px;--awb-spacing-right-large:1.92%;--awb-margin-bottom-large:20px;--awb-spacing-left-large:1.92%;--awb-width-medium:100%;--awb-order-medium:0;--awb-spacing-right-medium:1.92%;--awb-spacing-left-medium:1.92%;--awb-width-small:100%;--awb-order-small:0;--awb-spacing-right-small:1.92%;--awb-spacing-left-small:1.92%;\"><div class=\"fusion-column-wrapper fusion-column-has-shadow fusion-flex-justify-content-flex-start fusion-content-layout-column\"><div class=\"fusion-text fusion-text-1\"><h1 style=\"text-align: center; font-size: 90px; line-height: 90%; letter-spacing: 70%; color: #a5968f;\">THE MENUS<\/h1>\n<\/div><div style=\"text-align:center;\"><a class=\"fusion-button button-flat fusion-button-default-size button-default fusion-button-default button-1 fusion-button-default-span fusion-button-default-type\" target=\"_self\" href=\"#\" data-toggle=\"modal\" data-target=\".fusion-modal.resa-restau\"><span class=\"fusion-button-text\">BOOK YOUR TABLE ONLINE<\/span><\/a><\/div><div class=\"fusion-separator fusion-full-width-sep\" style=\"align-self: center;margin-left: auto;margin-right: auto;margin-top:40px;margin-bottom:40px;width:100%;\"><div class=\"fusion-separator-border sep-single sep-solid\" style=\"--awb-height:20px;--awb-amount:20px;border-color:#e0dede;border-top-width:1px;\"><\/div><\/div><\/div><\/div><\/div><\/div><div class=\"fusion-fullwidth fullwidth-box fusion-builder-row-2 nonhundred-percent-fullwidth non-hundred-percent-height-scrolling\" style=\"--awb-border-radius-top-left:0px;--awb-border-radius-top-right:0px;--awb-border-radius-bottom-right:0px;--awb-border-radius-bottom-left:0px;--awb-margin-bottom:20px;--awb-flex-wrap:wrap;\" ><div class=\"fusion-builder-row fusion-row\"><div class=\"fusion-layout-column fusion_builder_column fusion-builder-column-1 fusion_builder_column_1_2 1_2 fusion-one-half fusion-column-first\" style=\"--awb-bg-size:cover;width:50%;width:calc(50% - ( ( 4% ) * 0.5 ) );margin-right: 4%;\"><div class=\"fusion-column-wrapper fusion-column-has-shadow fusion-flex-column-wrapper-legacy\"><div class=\"fusion-text fusion-text-2\"><h2 style=\"text-align: center;\">AWEN MENU<\/h2>\n<p style=\"text-align: center;\"><span class=\"hotkey-layer \"><span class=\"hotkey-layer preview-overlay is-preview-sidebar-visible\"><span dir=\"ltr\" role=\"presentation\">FOLLOWING CHEF INSPIRATION&#8230;T<br \/>\nHE FOLLOWING MENU IS PRESENTED FOR INFORMATION<br \/>\n<\/span><span dir=\"ltr\" role=\"presentation\">SERVED EACH LUNCH EXCEPT FRIDYAS, SUNDAYS AND PUBLIC HOLIDAYS<\/span><\/span><\/span><\/p>\n<p style=\"text-align: center;\"><strong>Main course : 19,00 \u20ac<br \/>\nStarter &#8211; Main Course ou Main Course &#8211; Dessert : 24,00 \u20ac<\/strong><br \/>\n<strong>Starter &#8211; Main course &#8211; Dessert : 29,00 \u20ac<\/strong><strong><br \/>\n<\/strong><\/p>\n<h3 style=\"text-align: center;\"><span class=\"hotkey-layer \"><span class=\"hotkey-layer preview-overlay is-preview-sidebar-visible\"><span dir=\"ltr\" role=\"presentation\">TOMATES<\/span><\/span><\/span><\/h3>\n<p style=\"text-align: center;\"><em><span class=\"hotkey-layer \"><span class=\"hotkey-layer preview-overlay is-preview-sidebar-visible\"><span dir=\"ltr\" role=\"presentation\">Gaspacho de tomates du potager de Kergroadez &amp; onctueux de ch\u00e8vre frais<\/span><\/span><\/span><\/em><\/p>\n<p style=\"text-align: center;\"><span class=\"hotkey-layer \"><span class=\"hotkey-layer preview-overlay is-preview-sidebar-visible\"><span dir=\"ltr\" role=\"presentation\">OR<\/span><\/span><\/span><\/p>\n<h3 style=\"text-align: center;\"><span class=\"hotkey-layer \"><span class=\"hotkey-layer preview-overlay is-preview-sidebar-visible\"><span dir=\"ltr\" role=\"presentation\">EGLEFIN<\/span><\/span><\/span><\/h3>\n<p style=\"text-align: center;\"><em><span class=\"hotkey-layer \"><span class=\"hotkey-layer preview-overlay is-preview-sidebar-visible\"><span dir=\"ltr\" role=\"presentation\">Filet d\u2019eglefin l\u00e9g\u00e8rement fum\u00e9 \u00e0 chaud par nos soins, herbes &amp; fleurs de notre jardin<\/span><\/span><\/span><\/em><\/p>\n<p style=\"text-align: center;\"><span class=\"hotkey-layer \"><span class=\"hotkey-layer preview-overlay is-preview-sidebar-visible\"><span dir=\"ltr\" role=\"presentation\">___________<\/span><\/span><\/span><\/p>\n<h3 style=\"text-align: center;\"><span class=\"hotkey-layer \"><span class=\"hotkey-layer preview-overlay is-preview-sidebar-visible\"><span dir=\"ltr\" role=\"presentation\">FILET MIGNON AUX ALGUES<\/span><\/span><\/span><\/h3>\n<p style=\"text-align: center;\"><span class=\"hotkey-layer \"><span class=\"hotkey-layer preview-overlay is-preview-sidebar-visible\"><span dir=\"ltr\" role=\"presentation\">OR<\/span><\/span><\/span><\/p>\n<h3 style=\"text-align: center;\"><span class=\"hotkey-layer \"><span class=\"hotkey-layer preview-overlay is-preview-sidebar-visible\"><span dir=\"ltr\" role=\"presentation\">FILET DE MERLU<\/span><\/span><\/span><\/h3>\n<p style=\"text-align: center;\"><em><span class=\"hotkey-layer \"><span class=\"hotkey-layer preview-overlay is-preview-sidebar-visible\"><span dir=\"ltr\" role=\"presentation\">L\u00e9gumes de saison, algues et sarrasin<br \/>\n<\/span><span dir=\"ltr\" role=\"presentation\">\u00c9cras\u00e9 de Pommes de Terre nouvelles au citron vert<\/span><\/span><\/span><\/em><\/p>\n<p style=\"text-align: center;\"><span class=\"hotkey-layer \"><span class=\"hotkey-layer preview-overlay is-preview-sidebar-visible\"><span dir=\"ltr\" role=\"presentation\">___________<\/span><\/span><\/span><\/p>\n<h3 style=\"text-align: center;\"><span class=\"hotkey-layer \"><span class=\"hotkey-layer preview-overlay is-preview-sidebar-visible\"><span dir=\"ltr\" role=\"presentation\">CHOCOLAT, CARAMEL &amp; CACAHU\u00c8TE<\/span><\/span><\/span><\/h3>\n<p style=\"text-align: center;\"><em><span class=\"hotkey-layer \"><span class=\"hotkey-layer preview-overlay is-preview-sidebar-visible\"><span dir=\"ltr\" role=\"presentation\">Onctueux de Chocolat, Caramel au Beurre Sal\u00e9 et Crumble Cacahu\u00e8te<\/span><\/span><\/span><\/em><\/p>\n<\/div><div class=\"fusion-clearfix\"><\/div><\/div><\/div><div class=\"fusion-layout-column fusion_builder_column fusion-builder-column-2 fusion_builder_column_1_2 1_2 fusion-one-half fusion-column-last\" style=\"--awb-bg-size:cover;width:50%;width:calc(50% - ( ( 4% ) * 0.5 ) );\"><div class=\"fusion-column-wrapper fusion-column-has-shadow fusion-flex-column-wrapper-legacy\"><div class=\"fusion-text fusion-text-3\"><h2 style=\"text-align: center;\">MENU KAVADENN<\/h2>\n<p style=\"text-align: center;\"><span class=\"hotkey-layer \"><span class=\"hotkey-layer preview-overlay is-preview-sidebar-visible\"><span dir=\"ltr\" role=\"presentation\">SELON L\u2019INSPIRATION ET LES RENCONTRES DU CHEF<br \/>\nLE MENU CI-DESSOUS EST PR\u00c9SENT\u00c9 A TITRE INDICATIF<br \/>\n<\/span><span dir=\"ltr\" role=\"presentation\">SERVI TOUS LES SOIRS &amp; DIMANCHE MIDI<br \/>\n<\/span><\/span><\/span><\/p>\n<p style=\"text-align: center;\"><strong>Entr\u00e9e-Plat ou Plat-Dessert : 38,00 \u20ac<\/strong><br \/>\n<strong>Entr\u00e9e-Plat-Dessert : 43,00 \u20ac<\/strong><strong><br \/>\n<\/strong><\/p>\n<h3 style=\"text-align: center;\"><span class=\"hotkey-layer \"><span class=\"hotkey-layer preview-overlay is-preview-sidebar-visible\"><span dir=\"ltr\" role=\"presentation\">ASPERGES<\/span><\/span><\/span><\/h3>\n<p style=\"text-align: center;\"><em><span class=\"hotkey-layer \"><span class=\"hotkey-layer preview-overlay is-preview-sidebar-visible\"><span dir=\"ltr\" role=\"presentation\">Travail autour de l&#8217;asperge <\/span><\/span><\/span><\/em><\/p>\n<p style=\"text-align: center;\"><span class=\"hotkey-layer \"><span class=\"hotkey-layer preview-overlay is-preview-sidebar-visible\"><span dir=\"ltr\" role=\"presentation\">OR<\/span><\/span><\/span><\/p>\n<h3 style=\"text-align: center;\"><span class=\"hotkey-layer \"><span class=\"hotkey-layer preview-overlay is-preview-sidebar-visible\"><span dir=\"ltr\" role=\"presentation\">TRUITE DE M. LECOAT<br \/>\n<\/span><\/span><\/span><\/h3>\n<p style=\"text-align: center;\"><em><span class=\"hotkey-layer \"><span class=\"hotkey-layer preview-overlay is-preview-sidebar-visible\"><span dir=\"ltr\" role=\"presentation\">Filet de Truite l\u00e9g\u00e8rement Fum\u00e9 \u00e0 chaud par nos soins, herbes &amp; fleurs de notre jardin<\/span><\/span><\/span><\/em><\/p>\n<p style=\"text-align: center;\"><span class=\"hotkey-layer \"><span class=\"hotkey-layer preview-overlay is-preview-sidebar-visible\"><span dir=\"ltr\" role=\"presentation\">___________<\/span><\/span><\/span><\/p>\n<h3 style=\"text-align: center;\"><span class=\"hotkey-layer \"><span class=\"hotkey-layer preview-overlay is-preview-sidebar-visible\"><span dir=\"ltr\" role=\"presentation\">FILET DE VOLAILLE BRETONNE<br \/>\n<\/span><\/span><\/span><\/h3>\n<p style=\"text-align: center;\"><span class=\"hotkey-layer \"><span class=\"hotkey-layer preview-overlay is-preview-sidebar-visible\"><span dir=\"ltr\" role=\"presentation\">OR<\/span><\/span><\/span><\/p>\n<h3 style=\"text-align: center;\"><span class=\"hotkey-layer \"><span class=\"hotkey-layer preview-overlay is-preview-sidebar-visible\"><span dir=\"ltr\" role=\"presentation\">FILET DE LOTTE<\/span><\/span><\/span><\/h3>\n<p style=\"text-align: center;\"><em><span class=\"hotkey-layer \"><span class=\"hotkey-layer preview-overlay is-preview-sidebar-visible\">Petits l\u00e9gumes de saison travaill\u00e9s dans un beurre de sarrasin<br \/>\n&amp; Onctueux de l\u00e9gumes au citron &amp; herbes du Jardin<br \/>\n<\/span><\/span><\/em><\/p>\n<p style=\"text-align: center;\"><span class=\"hotkey-layer \"><span class=\"hotkey-layer preview-overlay is-preview-sidebar-visible\"><span dir=\"ltr\" role=\"presentation\">___________<\/span><\/span><\/span><\/p>\n<h3 style=\"text-align: center;\"><span class=\"hotkey-layer \"><span class=\"hotkey-layer preview-overlay is-preview-sidebar-visible\"><span dir=\"ltr\" role=\"presentation\">CHOCOLAT, CARAMEL &amp; CACAHU\u00c8TE<\/span><\/span><\/span><\/h3>\n<p style=\"text-align: center;\"><em><span class=\"hotkey-layer \"><span class=\"hotkey-layer preview-overlay is-preview-sidebar-visible\"><span dir=\"ltr\" role=\"presentation\">Entremet au chocolat, caramel au beurre sal\u00e9 et glace \u00e0 la cacahu\u00e8te<\/span><\/span><\/span><\/em><\/p>\n<p align=\"center\"><span style=\"font-family: Calibri, sans-serif;\"><span style=\"font-size: small;\"><i>Notre Cuisine vous sera Servie avec un Beurre aux algues Maison<br \/>\n<\/i><\/span><\/span><span style=\"font-family: Calibri, sans-serif;\"><span style=\"font-size: small;\"><i>et Le Pain de La Maison Henry \u00e0 Plouguerneau<\/i><\/span><\/span><\/p>\n<p style=\"text-align: center;\"><em> <\/em><\/p>\n<\/div><div class=\"fusion-clearfix\"><\/div><\/div><\/div><div class=\"fusion-layout-column fusion_builder_column fusion-builder-column-3 fusion_builder_column_1_2 1_2 fusion-one-half fusion-column-first\" style=\"--awb-bg-size:cover;width:50%;width:calc(50% - ( ( 4% ) * 0.5 ) );margin-right: 4%;\"><div class=\"fusion-column-wrapper fusion-flex-column-wrapper-legacy\"><div class=\"fusion-text fusion-text-4\" style=\"--awb-content-alignment:center;\"><h2 style=\"text-align: center;\">PROMENADE DANS LES ABERS<\/h2>\n<p style=\"text-align: center;\"><span class=\"hotkey-layer \"><span class=\"hotkey-layer preview-overlay is-preview-sidebar-visible\"><span dir=\"ltr\" role=\"presentation\">DISCIVER OUR MENU IN 4 COURSES<br \/>\n<\/span><span dir=\"ltr\" role=\"presentation\">MENU SERVED FOR DINER FROM MONDAY TO SUNDAY AND SUNDAY AT LUNCH<\/span><\/span><\/span><\/p>\n<p style=\"text-align: center;\"><strong><span class=\"hotkey-layer \"><span class=\"hotkey-layer preview-overlay is-preview-sidebar-visible\"><span dir=\"ltr\" role=\"presentation\"> 68,00 \u20ac<\/span><\/span><\/span><\/strong><\/p>\n<h3 style=\"text-align: center;\"><span class=\"hotkey-layer \"><span class=\"hotkey-layer preview-overlay is-preview-sidebar-visible\"><span dir=\"ltr\" role=\"presentation\">BENOIT<\/span><\/span><\/span><\/h3>\n<p style=\"text-align: center;\"><strong><span class=\"hotkey-layer \"><span class=\"hotkey-layer preview-overlay is-preview-sidebar-visible\"><span dir=\"ltr\" role=\"presentation\">L\u00e9gumes &amp; algues<br \/>\n<\/span><\/span><\/span><\/strong><em><span class=\"hotkey-layer \"><span class=\"hotkey-layer preview-overlay is-preview-sidebar-visible\"><span dir=\"ltr\" role=\"presentation\">Petit Jardin de l\u00e9gumes des environs aux algues, herbes &amp; fleurs des potagers voisins,<br \/>\n<\/span><\/span><\/span> <span class=\"hotkey-layer \"><span class=\"hotkey-layer preview-overlay is-preview-sidebar-visible\"><span dir=\"ltr\" role=\"presentation\">Poudre de sarrasin &amp; \u00e9cume de mer<br \/>\n<\/span><\/span><\/span><\/em><\/p>\n<h3 style=\"text-align: center;\"><span class=\"hotkey-layer \"><span class=\"hotkey-layer preview-overlay is-preview-sidebar-visible\"><span dir=\"ltr\" role=\"presentation\">ILDUT<\/span><\/span><\/span><\/h3>\n<p style=\"text-align: center;\"><span class=\"hotkey-layer \"><span class=\"hotkey-layer preview-overlay is-preview-sidebar-visible\"><span dir=\"ltr\" role=\"presentation\"><strong>Langoustine<\/strong><br \/>\n<\/span>Langoustine juste snack\u00e9e<br \/>\nCr\u00e9meux de pommes de terre au sarrasin torr\u00e9fi\u00e9<br \/>\n<\/span><\/span><\/p>\n<h3 style=\"text-align: center;\"><span class=\"hotkey-layer \"><span class=\"hotkey-layer preview-overlay is-preview-sidebar-visible\"><span dir=\"ltr\" role=\"presentation\">WRAC\u2019H<\/span><\/span><\/span><\/h3>\n<p style=\"text-align: center;\"><span class=\"hotkey-layer \"><span class=\"hotkey-layer preview-overlay is-preview-sidebar-visible\"><span dir=\"ltr\" role=\"presentation\"><strong>Homard &amp; Champignons<\/strong><br \/>\n<\/span><em><span dir=\"ltr\" role=\"presentation\">Ravioles de Homard aux herbes &amp; touche d\u2019agrumes, nage aux champignons du moment<br \/>\n<\/span><\/em><\/span><\/span><\/p>\n<h3 style=\"text-align: center;\"><span class=\"hotkey-layer \"><span class=\"hotkey-layer preview-overlay is-preview-sidebar-visible\"><span dir=\"ltr\" role=\"presentation\">LILIA<\/span><\/span><\/span><\/h3>\n<p style=\"text-align: center;\"><span class=\"hotkey-layer \"><span class=\"hotkey-layer preview-overlay is-preview-sidebar-visible\"><span dir=\"ltr\" role=\"presentation\"><strong>Courge &amp; Miel<\/strong><br \/>\n<\/span><em><span dir=\"ltr\" role=\"presentation\">Une d\u00e9clinaison de courge de Kergroadez &amp; miel de Plouguerneau<br \/>\n<\/span><\/em><\/span><\/span><\/p>\n<p style=\"text-align: center;\"><span class=\"hotkey-layer \"><span class=\"hotkey-layer preview-overlay is-preview-sidebar-visible\"><em><span dir=\"ltr\" role=\"presentation\"> <\/span><\/em><\/span><\/span><\/p>\n<\/div><div class=\"fusion-clearfix\"><\/div><\/div><\/div><\/div><\/div><\/p>\n","protected":false},"excerpt":{"rendered":"","protected":false},"author":3,"featured_media":0,"parent":3370,"menu_order":0,"comment_status":"closed","ping_status":"closed","template":"100-width.php","meta":{"footnotes":""},"_links":{"self":[{"href":"https:\/\/www.castelach.fr\/en\/wp-json\/wp\/v2\/pages\/3367"}],"collection":[{"href":"https:\/\/www.castelach.fr\/en\/wp-json\/wp\/v2\/pages"}],"about":[{"href":"https:\/\/www.castelach.fr\/en\/wp-json\/wp\/v2\/types\/page"}],"author":[{"embeddable":true,"href":"https:\/\/www.castelach.fr\/en\/wp-json\/wp\/v2\/users\/3"}],"replies":[{"embeddable":true,"href":"https:\/\/www.castelach.fr\/en\/wp-json\/wp\/v2\/comments?post=3367"}],"version-history":[{"count":2,"href":"https:\/\/www.castelach.fr\/en\/wp-json\/wp\/v2\/pages\/3367\/revisions"}],"predecessor-version":[{"id":3369,"href":"https:\/\/www.castelach.fr\/en\/wp-json\/wp\/v2\/pages\/3367\/revisions\/3369"}],"up":[{"embeddable":true,"href":"https:\/\/www.castelach.fr\/en\/wp-json\/wp\/v2\/pages\/3370"}],"wp:attachment":[{"href":"https:\/\/www.castelach.fr\/en\/wp-json\/wp\/v2\/media?parent=3367"}],"curies":[{"name":"wp","href":"https:\/\/api.w.org\/{rel}","templated":true}]}}